{"id":60806,"date":"2022-03-15T16:05:34","date_gmt":"2022-03-15T14:05:34","guid":{"rendered":"https:\/\/omakoru.fi\/?post_type=product&#038;p=60806"},"modified":"2026-02-20T12:50:12","modified_gmt":"2026-02-20T10:50:12","slug":"terasvari-nauhanpaate-4-5x3mm-20kpl","status":"publish","type":"product","link":"https:\/\/omakoru.fi\/en\/tuote\/terasvari-nauhanpaate-4-5x3mm-20kpl\/","title":{"rendered":"Steel colour fold over 4.5x3mm [20pcs]"},"content":{"rendered":"<div data-test='contact-form' id='contact-form-60806' class='wp-block-jetpack-contact-form-container '>\n<form action='https:\/\/omakoru.fi\/en\/tuote\/terasvari-nauhanpaate-4-5x3mm-20kpl\/#contact-form-60806' method='post' class='contact-form commentsblock' aria-label=\"{:fi}Ter\u00e4sv\u00e4ri nauhanp\u00e4\u00e4te 4.5x3mm [20kpl]{:}{:en}Steel colour fold over 4.5x3mm [20pcs]{:}\" novalidate>\n\n<div style=\"\" class='grunion-field-name-wrap grunion-field-wrap'  >\n<label\n\t\t\t\tfor='g60806-nimi'\n\t\t\t\tclass='grunion-field-label name'>Nimi<span class=\"grunion-label-required\" aria-hidden=\"true\">(required)<\/span><\/label>\n<input\n\t\t\t\t\ttype='text'\n\t\t\t\t\tname='g60806-nimi'\n\t\t\t\t\tid='g60806-nimi'\n\t\t\t\t\tvalue=''\n\t\t\t\t\tclass='name  grunion-field' \n\t\t\t\t\trequired aria-required='true' \/>\n\t<\/div>\n\n<div style=\"\" class='grunion-field-email-wrap grunion-field-wrap'  >\n<label\n\t\t\t\tfor='g60806-shkpostiosoite'\n\t\t\t\tclass='grunion-field-label email'>S\u00e4hk\u00f6postiosoite<span class=\"grunion-label-required\" aria-hidden=\"true\">(required)<\/span><\/label>\n<input\n\t\t\t\t\ttype='email'\n\t\t\t\t\tname='g60806-shkpostiosoite'\n\t\t\t\t\tid='g60806-shkpostiosoite'\n\t\t\t\t\tvalue=''\n\t\t\t\t\tclass='email  grunion-field' \n\t\t\t\t\trequired aria-required='true' \/>\n\t<\/div>\n\n<div style=\"\" class='grunion-field-url-wrap grunion-field-wrap'  >\n<label\n\t\t\t\tfor='g60806-kotisivu'\n\t\t\t\tclass='grunion-field-label url'>Kotisivu<\/label>\n<input\n\t\t\t\t\ttype='text'\n\t\t\t\t\tname='g60806-kotisivu'\n\t\t\t\t\tid='g60806-kotisivu'\n\t\t\t\t\tvalue=''\n\t\t\t\t\tclass='url  grunion-field' \n\t\t\t\t\ttitle=\"Please enter a valid URL - https:\/\/www.example.com\" oninvalid=\"setCustomValidity(&quot;Please enter a valid URL - https:\/\/www.example.com&quot;)\" oninput=\"setCustomValidity(&quot;&quot;)\" pattern=\"(?:(?:[Hh][Tt][Tt][Pp][Ss]?|[Ff][Tt][Pp]):\\\/\\\/)?(?:\\S+(?::\\S*)?@|\\d{1,3}(?:\\.\\d{1,3}){3}|(?:(?:[a-zA-Z\\d\\u00a1-\\uffff]+-?)*[a-zA-Z\\d\\u00a1-\\uffff]+)(?:\\.(?:[a-zA-Z\\d\\u00a1-\\uffff]+-?)*[a-zA-Z\\d\\u00a1-\\uffff]+)*(?:\\.[a-zA-Z\\u00a1-\\uffff]{2,6}))(?::\\d+)?(?:[^\\s]*)?\" data-type-override=\"url\"  \/>\n\t<\/div>\n\n<div style=\"\" class='grunion-field-textarea-wrap grunion-field-wrap'  >\n<label\n\t\t\t\tfor='contact-form-comment-g60806-viesti'\n\t\t\t\tclass='grunion-field-label textarea'>Viesti<\/label>\n<textarea\n\t\t                style=''\n\t\t                name='g60806-viesti'\n\t\t                id='contact-form-comment-g60806-viesti'\n\t\t                rows='20' class='textarea  grunion-field'  ><\/textarea>\n\t<\/div>\n\t<p class='contact-submit'>\n\t\t<button type='submit' class='pushbutton-wide'>Submit<\/button>\t\t<input type='hidden' name='contact-form-id' value='60806' \/>\n\t\t<input type='hidden' name='action' value='grunion-contact-form' \/>\n\t\t<input type='hidden' name='contact-form-hash' value='f6c8308d415a94acbcfdb28bbfe031525eab5827' \/>\n\t<\/p>\n<p style=\"display: none !important;\" class=\"akismet-fields-container\" data-prefix=\"ak_\"><label>&#916;<textarea name=\"ak_hp_textarea\" cols=\"45\" rows=\"8\" maxlength=\"100\"><\/textarea><\/label><input type=\"hidden\" id=\"ak_js_1\" name=\"ak_js\" value=\"167\"\/><script>document.getElementById( \"ak_js_1\" ).setAttribute( \"value\", ( new Date() ).getTime() );<\/script><\/p><\/form>\n<\/div>\n","protected":false},"excerpt":{"rendered":"<p>Size: 4.5x3mm<\/p>\n<p>Material: metal<br \/>\nFor about 1.5-2mm cord<br \/>\n20pcs<\/p>\n","protected":false},"featured_media":60807,"comment_status":"closed","ping_status":"closed","template":"","meta":{"_themeisle_gutenberg_block_has_review":false,"iawp_total_views":19},"product_cat":[2137],"product_tag":[],"class_list":{"0":"post-60806","1":"product","2":"type-product","3":"status-publish","4":"has-post-thumbnail","6":"product_cat-metalliset_korunosat_nauhanpaatteet_teras-varit","8":"first","9":"outofstock","10":"taxable","11":"shipping-taxable","12":"purchasable","13":"product-type-simple"},"translation":{"provider":"WPGlobus","version":"3.0.0","language":"en","enabled_languages":["fi","en"],"languages":{"fi":{"title":true,"content":true,"excerpt":true},"en":{"title":true,"content":false,"excerpt":true}}},"yoast_head":"<!-- This site is optimized with the Yoast SEO plugin v24.2 - https:\/\/yoast.com\/wordpress\/plugins\/seo\/ -->\n<title>Steel colour fold over 4.5x3mm [20pcs] - Omakoru<\/title>\n<meta name=\"robots\" content=\"index, follow, max-snippet:-1, max-image-preview:large, max-video-preview:-1\" \/>\n<link rel=\"canonical\" href=\"https:\/\/omakoru.fi\/tuote\/terasvari-nauhanpaate-4-5x3mm-20kpl\/\" \/>\n<meta property=\"og:locale\" content=\"en_US\" \/>\n<meta property=\"og:type\" content=\"article\" \/>\n<meta property=\"og:title\" content=\"Steel colour fold over 4.5x3mm [20pcs] - Omakoru\" \/>\n<meta property=\"og:url\" content=\"https:\/\/omakoru.fi\/tuote\/terasvari-nauhanpaate-4-5x3mm-20kpl\/\" \/>\n<meta property=\"og:site_name\" content=\"Omakoru\" \/>\n<meta property=\"article:modified_time\" content=\"2026-02-20T10:50:12+00:00\" \/>\n<meta property=\"og:image\" content=\"https:\/\/omakoru.fi\/wp-content\/uploads\/2022\/03\/FC9FE81F-1FE6-43E9-A54D-493508B2E859-e1647355947941.jpeg\" \/>\n\t<meta property=\"og:image:width\" content=\"300\" \/>\n\t<meta property=\"og:image:height\" content=\"300\" \/>\n\t<meta property=\"og:image:type\" content=\"image\/jpeg\" \/>\n<meta name=\"twitter:card\" content=\"summary_large_image\" \/>\n<meta name=\"twitter:label1\" content=\"Est. reading time\" \/>\n\t<meta name=\"twitter:data1\" content=\"1 minute\" \/>\n<script type=\"application\/ld+json\" class=\"yoast-schema-graph\">{\"@context\":\"https:\/\/schema.org\",\"@graph\":[{\"@type\":\"WebPage\",\"@id\":\"https:\/\/omakoru.fi\/tuote\/terasvari-nauhanpaate-4-5x3mm-20kpl\/\",\"url\":\"https:\/\/omakoru.fi\/tuote\/terasvari-nauhanpaate-4-5x3mm-20kpl\/\",\"name\":\"Steel colour fold over 4.5x3mm [20pcs] - Omakoru\",\"isPartOf\":{\"@id\":\"https:\/\/omakoru.fi\/#website\"},\"primaryImageOfPage\":{\"@id\":\"https:\/\/omakoru.fi\/tuote\/terasvari-nauhanpaate-4-5x3mm-20kpl\/#primaryimage\"},\"image\":{\"@id\":\"https:\/\/omakoru.fi\/tuote\/terasvari-nauhanpaate-4-5x3mm-20kpl\/#primaryimage\"},\"thumbnailUrl\":\"https:\/\/omakoru.fi\/wp-content\/uploads\/2022\/03\/FC9FE81F-1FE6-43E9-A54D-493508B2E859-e1647355947941.jpeg\",\"datePublished\":\"2022-03-15T14:05:34+00:00\",\"dateModified\":\"2026-02-20T10:50:12+00:00\",\"breadcrumb\":{\"@id\":\"https:\/\/omakoru.fi\/tuote\/terasvari-nauhanpaate-4-5x3mm-20kpl\/#breadcrumb\"},\"inLanguage\":\"en-US\",\"potentialAction\":[{\"@type\":\"ReadAction\",\"target\":[\"https:\/\/omakoru.fi\/tuote\/terasvari-nauhanpaate-4-5x3mm-20kpl\/\"]}]},{\"@type\":\"ImageObject\",\"inLanguage\":\"en-US\",\"@id\":\"https:\/\/omakoru.fi\/tuote\/terasvari-nauhanpaate-4-5x3mm-20kpl\/#primaryimage\",\"url\":\"https:\/\/omakoru.fi\/wp-content\/uploads\/2022\/03\/FC9FE81F-1FE6-43E9-A54D-493508B2E859-e1647355947941.jpeg\",\"contentUrl\":\"https:\/\/omakoru.fi\/wp-content\/uploads\/2022\/03\/FC9FE81F-1FE6-43E9-A54D-493508B2E859-e1647355947941.jpeg\",\"width\":300,\"height\":300},{\"@type\":\"BreadcrumbList\",\"@id\":\"https:\/\/omakoru.fi\/tuote\/terasvari-nauhanpaate-4-5x3mm-20kpl\/#breadcrumb\",\"itemListElement\":[{\"@type\":\"ListItem\",\"position\":1,\"name\":\"Etusivu\",\"item\":\"https:\/\/omakoru.fi\/\"},{\"@type\":\"ListItem\",\"position\":2,\"name\":\"Ter\u00e4sv\u00e4ri nauhanp\u00e4\u00e4te 4.5x3mm [20kpl]\"}]},{\"@type\":\"WebSite\",\"@id\":\"https:\/\/omakoru.fi\/#website\",\"url\":\"https:\/\/omakoru.fi\/\",\"name\":\"Omakoru\",\"description\":\"Beads and crafts\",\"publisher\":{\"@id\":\"https:\/\/omakoru.fi\/#organization\"},\"potentialAction\":[{\"@type\":\"SearchAction\",\"target\":{\"@type\":\"EntryPoint\",\"urlTemplate\":\"https:\/\/omakoru.fi\/?s={search_term_string}\"},\"query-input\":{\"@type\":\"PropertyValueSpecification\",\"valueRequired\":true,\"valueName\":\"search_term_string\"}}],\"inLanguage\":\"en-US\"},{\"@type\":\"Organization\",\"@id\":\"https:\/\/omakoru.fi\/#organization\",\"name\":\"Omakoru\",\"url\":\"https:\/\/omakoru.fi\/\",\"logo\":{\"@type\":\"ImageObject\",\"inLanguage\":\"en-US\",\"@id\":\"https:\/\/omakoru.fi\/#\/schema\/logo\/image\/\",\"url\":\"https:\/\/omakoru.fi\/wp-content\/uploads\/2019\/03\/cropped-omakoru-logo.png\",\"contentUrl\":\"https:\/\/omakoru.fi\/wp-content\/uploads\/2019\/03\/cropped-omakoru-logo.png\",\"width\":800,\"height\":132,\"caption\":\"Omakoru\"},\"image\":{\"@id\":\"https:\/\/omakoru.fi\/#\/schema\/logo\/image\/\"}}]}<\/script>\n<!-- \/ Yoast SEO plugin. -->","yoast_head_json":{"title":"Steel colour fold over 4.5x3mm [20pcs] - Omakoru","robots":{"index":"index","follow":"follow","max-snippet":"max-snippet:-1","max-image-preview":"max-image-preview:large","max-video-preview":"max-video-preview:-1"},"canonical":"https:\/\/omakoru.fi\/tuote\/terasvari-nauhanpaate-4-5x3mm-20kpl\/","og_locale":"en_US","og_type":"article","og_title":"Steel colour fold over 4.5x3mm [20pcs] - Omakoru","og_url":"https:\/\/omakoru.fi\/tuote\/terasvari-nauhanpaate-4-5x3mm-20kpl\/","og_site_name":"Omakoru","article_modified_time":"2026-02-20T10:50:12+00:00","og_image":[{"width":300,"height":300,"url":"https:\/\/omakoru.fi\/wp-content\/uploads\/2022\/03\/FC9FE81F-1FE6-43E9-A54D-493508B2E859-e1647355947941.jpeg","type":"image\/jpeg"}],"twitter_card":"summary_large_image","twitter_misc":{"Est. reading time":"1 minute"},"schema":{"@context":"https:\/\/schema.org","@graph":[{"@type":"WebPage","@id":"https:\/\/omakoru.fi\/tuote\/terasvari-nauhanpaate-4-5x3mm-20kpl\/","url":"https:\/\/omakoru.fi\/tuote\/terasvari-nauhanpaate-4-5x3mm-20kpl\/","name":"Steel colour fold over 4.5x3mm [20pcs] - Omakoru","isPartOf":{"@id":"https:\/\/omakoru.fi\/#website"},"primaryImageOfPage":{"@id":"https:\/\/omakoru.fi\/tuote\/terasvari-nauhanpaate-4-5x3mm-20kpl\/#primaryimage"},"image":{"@id":"https:\/\/omakoru.fi\/tuote\/terasvari-nauhanpaate-4-5x3mm-20kpl\/#primaryimage"},"thumbnailUrl":"https:\/\/omakoru.fi\/wp-content\/uploads\/2022\/03\/FC9FE81F-1FE6-43E9-A54D-493508B2E859-e1647355947941.jpeg","datePublished":"2022-03-15T14:05:34+00:00","dateModified":"2026-02-20T10:50:12+00:00","breadcrumb":{"@id":"https:\/\/omakoru.fi\/tuote\/terasvari-nauhanpaate-4-5x3mm-20kpl\/#breadcrumb"},"inLanguage":"en-US","potentialAction":[{"@type":"ReadAction","target":["https:\/\/omakoru.fi\/tuote\/terasvari-nauhanpaate-4-5x3mm-20kpl\/"]}]},{"@type":"ImageObject","inLanguage":"en-US","@id":"https:\/\/omakoru.fi\/tuote\/terasvari-nauhanpaate-4-5x3mm-20kpl\/#primaryimage","url":"https:\/\/omakoru.fi\/wp-content\/uploads\/2022\/03\/FC9FE81F-1FE6-43E9-A54D-493508B2E859-e1647355947941.jpeg","contentUrl":"https:\/\/omakoru.fi\/wp-content\/uploads\/2022\/03\/FC9FE81F-1FE6-43E9-A54D-493508B2E859-e1647355947941.jpeg","width":300,"height":300},{"@type":"BreadcrumbList","@id":"https:\/\/omakoru.fi\/tuote\/terasvari-nauhanpaate-4-5x3mm-20kpl\/#breadcrumb","itemListElement":[{"@type":"ListItem","position":1,"name":"Etusivu","item":"https:\/\/omakoru.fi\/"},{"@type":"ListItem","position":2,"name":"Ter\u00e4sv\u00e4ri nauhanp\u00e4\u00e4te 4.5x3mm [20kpl]"}]},{"@type":"WebSite","@id":"https:\/\/omakoru.fi\/#website","url":"https:\/\/omakoru.fi\/","name":"Omakoru","description":"Beads and crafts","publisher":{"@id":"https:\/\/omakoru.fi\/#organization"},"potentialAction":[{"@type":"SearchAction","target":{"@type":"EntryPoint","urlTemplate":"https:\/\/omakoru.fi\/?s={search_term_string}"},"query-input":{"@type":"PropertyValueSpecification","valueRequired":true,"valueName":"search_term_string"}}],"inLanguage":"en-US"},{"@type":"Organization","@id":"https:\/\/omakoru.fi\/#organization","name":"Omakoru","url":"https:\/\/omakoru.fi\/","logo":{"@type":"ImageObject","inLanguage":"en-US","@id":"https:\/\/omakoru.fi\/#\/schema\/logo\/image\/","url":"https:\/\/omakoru.fi\/wp-content\/uploads\/2019\/03\/cropped-omakoru-logo.png","contentUrl":"https:\/\/omakoru.fi\/wp-content\/uploads\/2019\/03\/cropped-omakoru-logo.png","width":800,"height":132,"caption":"Omakoru"},"image":{"@id":"https:\/\/omakoru.fi\/#\/schema\/logo\/image\/"}}]}},"jetpack_sharing_enabled":true,"jetpack-related-posts":[],"_links":{"self":[{"href":"https:\/\/omakoru.fi\/en\/wp-json\/wp\/v2\/product\/60806"}],"collection":[{"href":"https:\/\/omakoru.fi\/en\/wp-json\/wp\/v2\/product"}],"about":[{"href":"https:\/\/omakoru.fi\/en\/wp-json\/wp\/v2\/types\/product"}],"replies":[{"embeddable":true,"href":"https:\/\/omakoru.fi\/en\/wp-json\/wp\/v2\/comments?post=60806"}],"wp:featuredmedia":[{"embeddable":true,"href":"https:\/\/omakoru.fi\/en\/wp-json\/wp\/v2\/media\/60807"}],"wp:attachment":[{"href":"https:\/\/omakoru.fi\/en\/wp-json\/wp\/v2\/media?parent=60806"}],"wp:term":[{"taxonomy":"product_cat","embeddable":true,"href":"https:\/\/omakoru.fi\/en\/wp-json\/wp\/v2\/product_cat?post=60806"},{"taxonomy":"product_tag","embeddable":true,"href":"https:\/\/omakoru.fi\/en\/wp-json\/wp\/v2\/product_tag?post=60806"}],"curies":[{"name":"wp","href":"https:\/\/api.w.org\/{rel}","templated":true}]}}