{"id":50405,"date":"2021-01-27T14:13:31","date_gmt":"2021-01-27T12:13:31","guid":{"rendered":"https:\/\/omakoru.fi\/?post_type=product&#038;p=50405"},"modified":"2025-11-09T23:19:52","modified_gmt":"2025-11-09T21:19:52","slug":"metalli-nauhanpaate-8x6mm-hopeanvari-20kpl","status":"publish","type":"product","link":"https:\/\/omakoru.fi\/en\/tuote\/metalli-nauhanpaate-8x6mm-hopeanvari-20kpl\/","title":{"rendered":"Metal cord end 8x6mm, silver colour [20pcs]"},"content":{"rendered":"","protected":false},"excerpt":{"rendered":"<p>Size: 8x6mm<br \/>\n20pcs<\/p>\n","protected":false},"featured_media":50406,"comment_status":"open","ping_status":"closed","template":"","meta":{"_themeisle_gutenberg_block_has_review":false,"iawp_total_views":29},"product_cat":[4923],"product_tag":[],"class_list":{"0":"post-50405","1":"product","2":"type-product","3":"status-publish","4":"has-post-thumbnail","6":"product_cat-metalliset_korunosat_nauhanpaatteet_hopeavari","8":"first","9":"instock","10":"taxable","11":"shipping-taxable","12":"purchasable","13":"product-type-simple"},"translation":{"provider":"WPGlobus","version":"3.0.0","language":"en","enabled_languages":["fi","en"],"languages":{"fi":{"title":true,"content":false,"excerpt":true},"en":{"title":true,"content":false,"excerpt":true}}},"yoast_head":"<!-- This site is optimized with the Yoast SEO plugin v24.2 - https:\/\/yoast.com\/wordpress\/plugins\/seo\/ -->\n<title>Metal cord end 8x6mm, silver colour [20pcs] - Omakoru<\/title>\n<meta name=\"robots\" content=\"index, follow, max-snippet:-1, max-image-preview:large, max-video-preview:-1\" \/>\n<link rel=\"canonical\" href=\"https:\/\/omakoru.fi\/tuote\/metalli-nauhanpaate-8x6mm-hopeanvari-20kpl\/\" \/>\n<meta property=\"og:locale\" content=\"en_US\" \/>\n<meta property=\"og:type\" content=\"article\" \/>\n<meta property=\"og:title\" content=\"Metal cord end 8x6mm, silver colour [20pcs] - Omakoru\" \/>\n<meta property=\"og:url\" content=\"https:\/\/omakoru.fi\/tuote\/metalli-nauhanpaate-8x6mm-hopeanvari-20kpl\/\" \/>\n<meta property=\"og:site_name\" content=\"Omakoru\" \/>\n<meta property=\"article:modified_time\" content=\"2025-11-09T21:19:52+00:00\" \/>\n<meta property=\"og:image\" content=\"https:\/\/omakoru.fi\/wp-content\/uploads\/2021\/01\/9E7FDF26-10E7-4735-8ABF-05C88E25D35D-e1611750021873.jpeg\" \/>\n\t<meta property=\"og:image:width\" content=\"300\" \/>\n\t<meta property=\"og:image:height\" content=\"300\" \/>\n\t<meta property=\"og:image:type\" content=\"image\/jpeg\" \/>\n<meta name=\"twitter:card\" content=\"summary_large_image\" \/>\n<script type=\"application\/ld+json\" class=\"yoast-schema-graph\">{\"@context\":\"https:\/\/schema.org\",\"@graph\":[{\"@type\":\"WebPage\",\"@id\":\"https:\/\/omakoru.fi\/tuote\/metalli-nauhanpaate-8x6mm-hopeanvari-20kpl\/\",\"url\":\"https:\/\/omakoru.fi\/tuote\/metalli-nauhanpaate-8x6mm-hopeanvari-20kpl\/\",\"name\":\"Metal cord end 8x6mm, silver colour [20pcs] - Omakoru\",\"isPartOf\":{\"@id\":\"https:\/\/omakoru.fi\/#website\"},\"primaryImageOfPage\":{\"@id\":\"https:\/\/omakoru.fi\/tuote\/metalli-nauhanpaate-8x6mm-hopeanvari-20kpl\/#primaryimage\"},\"image\":{\"@id\":\"https:\/\/omakoru.fi\/tuote\/metalli-nauhanpaate-8x6mm-hopeanvari-20kpl\/#primaryimage\"},\"thumbnailUrl\":\"https:\/\/omakoru.fi\/wp-content\/uploads\/2021\/01\/9E7FDF26-10E7-4735-8ABF-05C88E25D35D-e1611750021873.jpeg\",\"datePublished\":\"2021-01-27T12:13:31+00:00\",\"dateModified\":\"2025-11-09T21:19:52+00:00\",\"breadcrumb\":{\"@id\":\"https:\/\/omakoru.fi\/tuote\/metalli-nauhanpaate-8x6mm-hopeanvari-20kpl\/#breadcrumb\"},\"inLanguage\":\"en-US\",\"potentialAction\":[{\"@type\":\"ReadAction\",\"target\":[\"https:\/\/omakoru.fi\/tuote\/metalli-nauhanpaate-8x6mm-hopeanvari-20kpl\/\"]}]},{\"@type\":\"ImageObject\",\"inLanguage\":\"en-US\",\"@id\":\"https:\/\/omakoru.fi\/tuote\/metalli-nauhanpaate-8x6mm-hopeanvari-20kpl\/#primaryimage\",\"url\":\"https:\/\/omakoru.fi\/wp-content\/uploads\/2021\/01\/9E7FDF26-10E7-4735-8ABF-05C88E25D35D-e1611750021873.jpeg\",\"contentUrl\":\"https:\/\/omakoru.fi\/wp-content\/uploads\/2021\/01\/9E7FDF26-10E7-4735-8ABF-05C88E25D35D-e1611750021873.jpeg\",\"width\":300,\"height\":300},{\"@type\":\"BreadcrumbList\",\"@id\":\"https:\/\/omakoru.fi\/tuote\/metalli-nauhanpaate-8x6mm-hopeanvari-20kpl\/#breadcrumb\",\"itemListElement\":[{\"@type\":\"ListItem\",\"position\":1,\"name\":\"Etusivu\",\"item\":\"https:\/\/omakoru.fi\/\"},{\"@type\":\"ListItem\",\"position\":2,\"name\":\"Metalli nauhanp\u00e4\u00e4te 8x6mm, hopeanv\u00e4ri...\"}]},{\"@type\":\"WebSite\",\"@id\":\"https:\/\/omakoru.fi\/#website\",\"url\":\"https:\/\/omakoru.fi\/\",\"name\":\"Omakoru\",\"description\":\"Beads and crafts\",\"publisher\":{\"@id\":\"https:\/\/omakoru.fi\/#organization\"},\"potentialAction\":[{\"@type\":\"SearchAction\",\"target\":{\"@type\":\"EntryPoint\",\"urlTemplate\":\"https:\/\/omakoru.fi\/?s={search_term_string}\"},\"query-input\":{\"@type\":\"PropertyValueSpecification\",\"valueRequired\":true,\"valueName\":\"search_term_string\"}}],\"inLanguage\":\"en-US\"},{\"@type\":\"Organization\",\"@id\":\"https:\/\/omakoru.fi\/#organization\",\"name\":\"Omakoru\",\"url\":\"https:\/\/omakoru.fi\/\",\"logo\":{\"@type\":\"ImageObject\",\"inLanguage\":\"en-US\",\"@id\":\"https:\/\/omakoru.fi\/#\/schema\/logo\/image\/\",\"url\":\"https:\/\/omakoru.fi\/wp-content\/uploads\/2019\/03\/cropped-omakoru-logo.png\",\"contentUrl\":\"https:\/\/omakoru.fi\/wp-content\/uploads\/2019\/03\/cropped-omakoru-logo.png\",\"width\":800,\"height\":132,\"caption\":\"Omakoru\"},\"image\":{\"@id\":\"https:\/\/omakoru.fi\/#\/schema\/logo\/image\/\"}}]}<\/script>\n<!-- \/ Yoast SEO plugin. -->","yoast_head_json":{"title":"Metal cord end 8x6mm, silver colour [20pcs] - Omakoru","robots":{"index":"index","follow":"follow","max-snippet":"max-snippet:-1","max-image-preview":"max-image-preview:large","max-video-preview":"max-video-preview:-1"},"canonical":"https:\/\/omakoru.fi\/tuote\/metalli-nauhanpaate-8x6mm-hopeanvari-20kpl\/","og_locale":"en_US","og_type":"article","og_title":"Metal cord end 8x6mm, silver colour [20pcs] - Omakoru","og_url":"https:\/\/omakoru.fi\/tuote\/metalli-nauhanpaate-8x6mm-hopeanvari-20kpl\/","og_site_name":"Omakoru","article_modified_time":"2025-11-09T21:19:52+00:00","og_image":[{"width":300,"height":300,"url":"https:\/\/omakoru.fi\/wp-content\/uploads\/2021\/01\/9E7FDF26-10E7-4735-8ABF-05C88E25D35D-e1611750021873.jpeg","type":"image\/jpeg"}],"twitter_card":"summary_large_image","schema":{"@context":"https:\/\/schema.org","@graph":[{"@type":"WebPage","@id":"https:\/\/omakoru.fi\/tuote\/metalli-nauhanpaate-8x6mm-hopeanvari-20kpl\/","url":"https:\/\/omakoru.fi\/tuote\/metalli-nauhanpaate-8x6mm-hopeanvari-20kpl\/","name":"Metal cord end 8x6mm, silver colour [20pcs] - Omakoru","isPartOf":{"@id":"https:\/\/omakoru.fi\/#website"},"primaryImageOfPage":{"@id":"https:\/\/omakoru.fi\/tuote\/metalli-nauhanpaate-8x6mm-hopeanvari-20kpl\/#primaryimage"},"image":{"@id":"https:\/\/omakoru.fi\/tuote\/metalli-nauhanpaate-8x6mm-hopeanvari-20kpl\/#primaryimage"},"thumbnailUrl":"https:\/\/omakoru.fi\/wp-content\/uploads\/2021\/01\/9E7FDF26-10E7-4735-8ABF-05C88E25D35D-e1611750021873.jpeg","datePublished":"2021-01-27T12:13:31+00:00","dateModified":"2025-11-09T21:19:52+00:00","breadcrumb":{"@id":"https:\/\/omakoru.fi\/tuote\/metalli-nauhanpaate-8x6mm-hopeanvari-20kpl\/#breadcrumb"},"inLanguage":"en-US","potentialAction":[{"@type":"ReadAction","target":["https:\/\/omakoru.fi\/tuote\/metalli-nauhanpaate-8x6mm-hopeanvari-20kpl\/"]}]},{"@type":"ImageObject","inLanguage":"en-US","@id":"https:\/\/omakoru.fi\/tuote\/metalli-nauhanpaate-8x6mm-hopeanvari-20kpl\/#primaryimage","url":"https:\/\/omakoru.fi\/wp-content\/uploads\/2021\/01\/9E7FDF26-10E7-4735-8ABF-05C88E25D35D-e1611750021873.jpeg","contentUrl":"https:\/\/omakoru.fi\/wp-content\/uploads\/2021\/01\/9E7FDF26-10E7-4735-8ABF-05C88E25D35D-e1611750021873.jpeg","width":300,"height":300},{"@type":"BreadcrumbList","@id":"https:\/\/omakoru.fi\/tuote\/metalli-nauhanpaate-8x6mm-hopeanvari-20kpl\/#breadcrumb","itemListElement":[{"@type":"ListItem","position":1,"name":"Etusivu","item":"https:\/\/omakoru.fi\/"},{"@type":"ListItem","position":2,"name":"Metalli nauhanp\u00e4\u00e4te 8x6mm, hopeanv\u00e4ri..."}]},{"@type":"WebSite","@id":"https:\/\/omakoru.fi\/#website","url":"https:\/\/omakoru.fi\/","name":"Omakoru","description":"Beads and crafts","publisher":{"@id":"https:\/\/omakoru.fi\/#organization"},"potentialAction":[{"@type":"SearchAction","target":{"@type":"EntryPoint","urlTemplate":"https:\/\/omakoru.fi\/?s={search_term_string}"},"query-input":{"@type":"PropertyValueSpecification","valueRequired":true,"valueName":"search_term_string"}}],"inLanguage":"en-US"},{"@type":"Organization","@id":"https:\/\/omakoru.fi\/#organization","name":"Omakoru","url":"https:\/\/omakoru.fi\/","logo":{"@type":"ImageObject","inLanguage":"en-US","@id":"https:\/\/omakoru.fi\/#\/schema\/logo\/image\/","url":"https:\/\/omakoru.fi\/wp-content\/uploads\/2019\/03\/cropped-omakoru-logo.png","contentUrl":"https:\/\/omakoru.fi\/wp-content\/uploads\/2019\/03\/cropped-omakoru-logo.png","width":800,"height":132,"caption":"Omakoru"},"image":{"@id":"https:\/\/omakoru.fi\/#\/schema\/logo\/image\/"}}]}},"jetpack_sharing_enabled":true,"jetpack-related-posts":[],"_links":{"self":[{"href":"https:\/\/omakoru.fi\/en\/wp-json\/wp\/v2\/product\/50405"}],"collection":[{"href":"https:\/\/omakoru.fi\/en\/wp-json\/wp\/v2\/product"}],"about":[{"href":"https:\/\/omakoru.fi\/en\/wp-json\/wp\/v2\/types\/product"}],"replies":[{"embeddable":true,"href":"https:\/\/omakoru.fi\/en\/wp-json\/wp\/v2\/comments?post=50405"}],"wp:featuredmedia":[{"embeddable":true,"href":"https:\/\/omakoru.fi\/en\/wp-json\/wp\/v2\/media\/50406"}],"wp:attachment":[{"href":"https:\/\/omakoru.fi\/en\/wp-json\/wp\/v2\/media?parent=50405"}],"wp:term":[{"taxonomy":"product_cat","embeddable":true,"href":"https:\/\/omakoru.fi\/en\/wp-json\/wp\/v2\/product_cat?post=50405"},{"taxonomy":"product_tag","embeddable":true,"href":"https:\/\/omakoru.fi\/en\/wp-json\/wp\/v2\/product_tag?post=50405"}],"curies":[{"name":"wp","href":"https:\/\/api.w.org\/{rel}","templated":true}]}}