{"id":40198,"date":"2018-10-08T23:16:29","date_gmt":"2018-10-08T20:16:29","guid":{"rendered":"https:\/\/omakoru.fi\/tuote\/akryyli-helmiainen-pyorea-8mm-tumma-fuksia-100kpl\/"},"modified":"2025-08-16T13:08:51","modified_gmt":"2025-08-16T10:08:51","slug":"akryyli-helmiainen-pyorea-8mm-tumma-fuksia-100kpl","status":"publish","type":"product","link":"https:\/\/omakoru.fi\/en\/tuote\/akryyli-helmiainen-pyorea-8mm-tumma-fuksia-100kpl\/","title":{"rendered":"Acrylic pearl-like round 8mm dark fuchsia [100pcs]"},"content":{"rendered":"","protected":false},"excerpt":{"rendered":"<p>Size: 8mm with 1.5mm hole<br \/>\nPackage: 100pcs<\/p>\n","protected":false},"featured_media":21424,"comment_status":"open","ping_status":"closed","template":"","meta":{"_themeisle_gutenberg_block_has_review":false,"iawp_total_views":24},"product_cat":[4793],"product_tag":[],"class_list":{"0":"post-40198","1":"product","2":"type-product","3":"status-publish","4":"has-post-thumbnail","6":"product_cat-akryyli_pyorea_8mm","8":"first","9":"instock","10":"taxable","11":"shipping-taxable","12":"purchasable","13":"product-type-simple"},"translation":{"provider":"WPGlobus","version":"3.0.0","language":"en","enabled_languages":["fi","en"],"languages":{"fi":{"title":true,"content":false,"excerpt":true},"en":{"title":true,"content":false,"excerpt":true}}},"yoast_head":"<!-- This site is optimized with the Yoast SEO plugin v24.2 - https:\/\/yoast.com\/wordpress\/plugins\/seo\/ -->\n<title>Acrylic pearl-like round 8mm dark fuchsia [100pcs] - Omakoru<\/title>\n<meta name=\"robots\" content=\"index, follow, max-snippet:-1, max-image-preview:large, max-video-preview:-1\" \/>\n<link rel=\"canonical\" href=\"https:\/\/omakoru.fi\/tuote\/akryyli-helmiainen-pyorea-8mm-tumma-fuksia-100kpl\/\" \/>\n<meta property=\"og:locale\" content=\"en_US\" \/>\n<meta property=\"og:type\" content=\"article\" \/>\n<meta property=\"og:title\" content=\"Acrylic pearl-like round 8mm dark fuchsia [100pcs] - Omakoru\" \/>\n<meta property=\"og:url\" content=\"https:\/\/omakoru.fi\/tuote\/akryyli-helmiainen-pyorea-8mm-tumma-fuksia-100kpl\/\" \/>\n<meta property=\"og:site_name\" content=\"Omakoru\" \/>\n<meta property=\"article:modified_time\" content=\"2025-08-16T10:08:51+00:00\" \/>\n<meta property=\"og:image\" content=\"https:\/\/omakoru.fi\/wp-content\/uploads\/2018\/10\/1305210734.jpg\" \/>\n\t<meta property=\"og:image:width\" content=\"300\" \/>\n\t<meta property=\"og:image:height\" content=\"300\" \/>\n\t<meta property=\"og:image:type\" content=\"image\/jpeg\" \/>\n<meta name=\"twitter:card\" content=\"summary_large_image\" \/>\n<meta name=\"twitter:label1\" content=\"Est. reading time\" \/>\n\t<meta name=\"twitter:data1\" content=\"1 minute\" \/>\n<script type=\"application\/ld+json\" class=\"yoast-schema-graph\">{\"@context\":\"https:\/\/schema.org\",\"@graph\":[{\"@type\":\"WebPage\",\"@id\":\"https:\/\/omakoru.fi\/tuote\/akryyli-helmiainen-pyorea-8mm-tumma-fuksia-100kpl\/\",\"url\":\"https:\/\/omakoru.fi\/tuote\/akryyli-helmiainen-pyorea-8mm-tumma-fuksia-100kpl\/\",\"name\":\"Acrylic pearl-like round 8mm dark fuchsia [100pcs] - Omakoru\",\"isPartOf\":{\"@id\":\"https:\/\/omakoru.fi\/#website\"},\"primaryImageOfPage\":{\"@id\":\"https:\/\/omakoru.fi\/tuote\/akryyli-helmiainen-pyorea-8mm-tumma-fuksia-100kpl\/#primaryimage\"},\"image\":{\"@id\":\"https:\/\/omakoru.fi\/tuote\/akryyli-helmiainen-pyorea-8mm-tumma-fuksia-100kpl\/#primaryimage\"},\"thumbnailUrl\":\"https:\/\/omakoru.fi\/wp-content\/uploads\/2018\/10\/1305210734.jpg\",\"datePublished\":\"2018-10-08T20:16:29+00:00\",\"dateModified\":\"2025-08-16T10:08:51+00:00\",\"breadcrumb\":{\"@id\":\"https:\/\/omakoru.fi\/tuote\/akryyli-helmiainen-pyorea-8mm-tumma-fuksia-100kpl\/#breadcrumb\"},\"inLanguage\":\"en-US\",\"potentialAction\":[{\"@type\":\"ReadAction\",\"target\":[\"https:\/\/omakoru.fi\/tuote\/akryyli-helmiainen-pyorea-8mm-tumma-fuksia-100kpl\/\"]}]},{\"@type\":\"ImageObject\",\"inLanguage\":\"en-US\",\"@id\":\"https:\/\/omakoru.fi\/tuote\/akryyli-helmiainen-pyorea-8mm-tumma-fuksia-100kpl\/#primaryimage\",\"url\":\"https:\/\/omakoru.fi\/wp-content\/uploads\/2018\/10\/1305210734.jpg\",\"contentUrl\":\"https:\/\/omakoru.fi\/wp-content\/uploads\/2018\/10\/1305210734.jpg\",\"width\":300,\"height\":300},{\"@type\":\"BreadcrumbList\",\"@id\":\"https:\/\/omakoru.fi\/tuote\/akryyli-helmiainen-pyorea-8mm-tumma-fuksia-100kpl\/#breadcrumb\",\"itemListElement\":[{\"@type\":\"ListItem\",\"position\":1,\"name\":\"Etusivu\",\"item\":\"https:\/\/omakoru.fi\/\"},{\"@type\":\"ListItem\",\"position\":2,\"name\":\"Akryyli helmi\u00e4inen py\u00f6re\u00e4 8mm tumma fuksia [100kpl]\"}]},{\"@type\":\"WebSite\",\"@id\":\"https:\/\/omakoru.fi\/#website\",\"url\":\"https:\/\/omakoru.fi\/\",\"name\":\"Omakoru\",\"description\":\"Beads and crafts\",\"publisher\":{\"@id\":\"https:\/\/omakoru.fi\/#organization\"},\"potentialAction\":[{\"@type\":\"SearchAction\",\"target\":{\"@type\":\"EntryPoint\",\"urlTemplate\":\"https:\/\/omakoru.fi\/?s={search_term_string}\"},\"query-input\":{\"@type\":\"PropertyValueSpecification\",\"valueRequired\":true,\"valueName\":\"search_term_string\"}}],\"inLanguage\":\"en-US\"},{\"@type\":\"Organization\",\"@id\":\"https:\/\/omakoru.fi\/#organization\",\"name\":\"Omakoru\",\"url\":\"https:\/\/omakoru.fi\/\",\"logo\":{\"@type\":\"ImageObject\",\"inLanguage\":\"en-US\",\"@id\":\"https:\/\/omakoru.fi\/#\/schema\/logo\/image\/\",\"url\":\"https:\/\/omakoru.fi\/wp-content\/uploads\/2019\/03\/cropped-omakoru-logo.png\",\"contentUrl\":\"https:\/\/omakoru.fi\/wp-content\/uploads\/2019\/03\/cropped-omakoru-logo.png\",\"width\":800,\"height\":132,\"caption\":\"Omakoru\"},\"image\":{\"@id\":\"https:\/\/omakoru.fi\/#\/schema\/logo\/image\/\"}}]}<\/script>\n<!-- \/ Yoast SEO plugin. -->","yoast_head_json":{"title":"Acrylic pearl-like round 8mm dark fuchsia [100pcs] - Omakoru","robots":{"index":"index","follow":"follow","max-snippet":"max-snippet:-1","max-image-preview":"max-image-preview:large","max-video-preview":"max-video-preview:-1"},"canonical":"https:\/\/omakoru.fi\/tuote\/akryyli-helmiainen-pyorea-8mm-tumma-fuksia-100kpl\/","og_locale":"en_US","og_type":"article","og_title":"Acrylic pearl-like round 8mm dark fuchsia [100pcs] - Omakoru","og_url":"https:\/\/omakoru.fi\/tuote\/akryyli-helmiainen-pyorea-8mm-tumma-fuksia-100kpl\/","og_site_name":"Omakoru","article_modified_time":"2025-08-16T10:08:51+00:00","og_image":[{"width":300,"height":300,"url":"https:\/\/omakoru.fi\/wp-content\/uploads\/2018\/10\/1305210734.jpg","type":"image\/jpeg"}],"twitter_card":"summary_large_image","twitter_misc":{"Est. reading time":"1 minute"},"schema":{"@context":"https:\/\/schema.org","@graph":[{"@type":"WebPage","@id":"https:\/\/omakoru.fi\/tuote\/akryyli-helmiainen-pyorea-8mm-tumma-fuksia-100kpl\/","url":"https:\/\/omakoru.fi\/tuote\/akryyli-helmiainen-pyorea-8mm-tumma-fuksia-100kpl\/","name":"Acrylic pearl-like round 8mm dark fuchsia [100pcs] - Omakoru","isPartOf":{"@id":"https:\/\/omakoru.fi\/#website"},"primaryImageOfPage":{"@id":"https:\/\/omakoru.fi\/tuote\/akryyli-helmiainen-pyorea-8mm-tumma-fuksia-100kpl\/#primaryimage"},"image":{"@id":"https:\/\/omakoru.fi\/tuote\/akryyli-helmiainen-pyorea-8mm-tumma-fuksia-100kpl\/#primaryimage"},"thumbnailUrl":"https:\/\/omakoru.fi\/wp-content\/uploads\/2018\/10\/1305210734.jpg","datePublished":"2018-10-08T20:16:29+00:00","dateModified":"2025-08-16T10:08:51+00:00","breadcrumb":{"@id":"https:\/\/omakoru.fi\/tuote\/akryyli-helmiainen-pyorea-8mm-tumma-fuksia-100kpl\/#breadcrumb"},"inLanguage":"en-US","potentialAction":[{"@type":"ReadAction","target":["https:\/\/omakoru.fi\/tuote\/akryyli-helmiainen-pyorea-8mm-tumma-fuksia-100kpl\/"]}]},{"@type":"ImageObject","inLanguage":"en-US","@id":"https:\/\/omakoru.fi\/tuote\/akryyli-helmiainen-pyorea-8mm-tumma-fuksia-100kpl\/#primaryimage","url":"https:\/\/omakoru.fi\/wp-content\/uploads\/2018\/10\/1305210734.jpg","contentUrl":"https:\/\/omakoru.fi\/wp-content\/uploads\/2018\/10\/1305210734.jpg","width":300,"height":300},{"@type":"BreadcrumbList","@id":"https:\/\/omakoru.fi\/tuote\/akryyli-helmiainen-pyorea-8mm-tumma-fuksia-100kpl\/#breadcrumb","itemListElement":[{"@type":"ListItem","position":1,"name":"Etusivu","item":"https:\/\/omakoru.fi\/"},{"@type":"ListItem","position":2,"name":"Akryyli helmi\u00e4inen py\u00f6re\u00e4 8mm tumma fuksia [100kpl]"}]},{"@type":"WebSite","@id":"https:\/\/omakoru.fi\/#website","url":"https:\/\/omakoru.fi\/","name":"Omakoru","description":"Beads and crafts","publisher":{"@id":"https:\/\/omakoru.fi\/#organization"},"potentialAction":[{"@type":"SearchAction","target":{"@type":"EntryPoint","urlTemplate":"https:\/\/omakoru.fi\/?s={search_term_string}"},"query-input":{"@type":"PropertyValueSpecification","valueRequired":true,"valueName":"search_term_string"}}],"inLanguage":"en-US"},{"@type":"Organization","@id":"https:\/\/omakoru.fi\/#organization","name":"Omakoru","url":"https:\/\/omakoru.fi\/","logo":{"@type":"ImageObject","inLanguage":"en-US","@id":"https:\/\/omakoru.fi\/#\/schema\/logo\/image\/","url":"https:\/\/omakoru.fi\/wp-content\/uploads\/2019\/03\/cropped-omakoru-logo.png","contentUrl":"https:\/\/omakoru.fi\/wp-content\/uploads\/2019\/03\/cropped-omakoru-logo.png","width":800,"height":132,"caption":"Omakoru"},"image":{"@id":"https:\/\/omakoru.fi\/#\/schema\/logo\/image\/"}}]}},"jetpack_sharing_enabled":true,"jetpack-related-posts":[],"_links":{"self":[{"href":"https:\/\/omakoru.fi\/en\/wp-json\/wp\/v2\/product\/40198"}],"collection":[{"href":"https:\/\/omakoru.fi\/en\/wp-json\/wp\/v2\/product"}],"about":[{"href":"https:\/\/omakoru.fi\/en\/wp-json\/wp\/v2\/types\/product"}],"replies":[{"embeddable":true,"href":"https:\/\/omakoru.fi\/en\/wp-json\/wp\/v2\/comments?post=40198"}],"wp:featuredmedia":[{"embeddable":true,"href":"https:\/\/omakoru.fi\/en\/wp-json\/wp\/v2\/media\/21424"}],"wp:attachment":[{"href":"https:\/\/omakoru.fi\/en\/wp-json\/wp\/v2\/media?parent=40198"}],"wp:term":[{"taxonomy":"product_cat","embeddable":true,"href":"https:\/\/omakoru.fi\/en\/wp-json\/wp\/v2\/product_cat?post=40198"},{"taxonomy":"product_tag","embeddable":true,"href":"https:\/\/omakoru.fi\/en\/wp-json\/wp\/v2\/product_tag?post=40198"}],"curies":[{"name":"wp","href":"https:\/\/api.w.org\/{rel}","templated":true}]}}