{"id":120043,"date":"2026-01-14T15:13:28","date_gmt":"2026-01-14T13:13:28","guid":{"rendered":"https:\/\/omakoru.fi\/?post_type=product&#038;p=120043"},"modified":"2026-01-14T15:20:38","modified_gmt":"2026-01-14T13:20:38","slug":"beadsmith-bead-reamer-sahkoinen-reianvaljennin","status":"publish","type":"product","link":"https:\/\/omakoru.fi\/en\/tuote\/beadsmith-bead-reamer-sahkoinen-reianvaljennin\/","title":{"rendered":"BEADSMITH BEAD REAMER 2.4V 10000 RPM BATTERY OP"},"content":{"rendered":"","protected":false},"excerpt":{"rendered":"<p>Often a hole in a bead, pearl, shell, or gem is too small, is not straight, or the two holes in some hand-drilled beads may not quite meet. The Beadsmith has a solution! The diamond tipped bead reamers is the perfect tool set to quickly solves all those problems. This three-piece kit has everything you\u2019ll need to shape your beads. With a lightweight, comfortable handle and industrial grade diamond tipped reamers you can grind bead holes larger and take out unwanted burrs from bead holes before stringing. To use, wet the bead and the appropriate reamer tip with water than insert the tip into the bead hole. Rotate the reamer back and forth, pausing often to check progress. Repeat these steps on the other side of the beads. Rinse and dry bead and reamer tip. This easy-to-use kit includes 2 tips to enlarge holes, and 1 edging tip to smooth. This set is perfect for smoothing, refining, and reshaping many materials including, wood, plastic, metal, jewelry, glass, ceramic, stone, shell, pearl, gemstone, and glass beads. The fine diamond grade tip allows for sharp, precise work that will leave you with a flawless finish. The motorized handpiece is battery operated and convenient to use anywhere. You don\u2019t need to be tied to your workbench! An included storage tube holds your tips, keeping the organized and secure. Repair or create jewelry for family and friends, create gifts for birthdays and holidays or give this reamer set as a present for your artistic loved ones!<\/p>\n","protected":false},"featured_media":120045,"comment_status":"open","ping_status":"closed","template":"","meta":{"_themeisle_gutenberg_block_has_review":false,"iawp_total_views":85},"product_cat":[938,924],"product_tag":[],"class_list":{"0":"post-120043","1":"product","2":"type-product","3":"status-publish","4":"has-post-thumbnail","6":"product_cat-suunnittelu","7":"product_cat-tyokalut","9":"first","10":"instock","11":"taxable","12":"shipping-taxable","13":"purchasable","14":"product-type-simple"},"translation":{"provider":"WPGlobus","version":"3.0.0","language":"en","enabled_languages":["fi","en"],"languages":{"fi":{"title":true,"content":false,"excerpt":true},"en":{"title":true,"content":false,"excerpt":true}}},"yoast_head":"<!-- This site is optimized with the Yoast SEO plugin v24.2 - https:\/\/yoast.com\/wordpress\/plugins\/seo\/ -->\n<title>BEADSMITH BEAD REAMER 2.4V 10000 RPM BATTERY OP - Omakoru<\/title>\n<meta name=\"robots\" content=\"index, follow, max-snippet:-1, max-image-preview:large, max-video-preview:-1\" \/>\n<link rel=\"canonical\" href=\"https:\/\/omakoru.fi\/tuote\/beadsmith-bead-reamer-sahkoinen-reianvaljennin\/\" \/>\n<meta property=\"og:locale\" content=\"en_US\" \/>\n<meta property=\"og:type\" content=\"article\" \/>\n<meta property=\"og:title\" content=\"BEADSMITH BEAD REAMER 2.4V 10000 RPM BATTERY OP - Omakoru\" \/>\n<meta property=\"og:url\" content=\"https:\/\/omakoru.fi\/tuote\/beadsmith-bead-reamer-sahkoinen-reianvaljennin\/\" \/>\n<meta property=\"og:site_name\" content=\"Omakoru\" \/>\n<meta property=\"article:modified_time\" content=\"2026-01-14T13:20:38+00:00\" \/>\n<meta property=\"og:image\" content=\"https:\/\/omakoru.fi\/wp-content\/uploads\/2026\/01\/BR801_05-jpg-e1768396760674.webp\" \/>\n\t<meta property=\"og:image:width\" content=\"300\" \/>\n\t<meta property=\"og:image:height\" content=\"300\" \/>\n\t<meta property=\"og:image:type\" content=\"image\/jpeg\" \/>\n<meta name=\"twitter:card\" content=\"summary_large_image\" \/>\n<meta name=\"twitter:label1\" content=\"Est. reading time\" \/>\n\t<meta name=\"twitter:data1\" content=\"1 minute\" \/>\n<script type=\"application\/ld+json\" class=\"yoast-schema-graph\">{\"@context\":\"https:\/\/schema.org\",\"@graph\":[{\"@type\":\"WebPage\",\"@id\":\"https:\/\/omakoru.fi\/tuote\/beadsmith-bead-reamer-sahkoinen-reianvaljennin\/\",\"url\":\"https:\/\/omakoru.fi\/tuote\/beadsmith-bead-reamer-sahkoinen-reianvaljennin\/\",\"name\":\"BEADSMITH BEAD REAMER 2.4V 10000 RPM BATTERY OP - Omakoru\",\"isPartOf\":{\"@id\":\"https:\/\/omakoru.fi\/#website\"},\"primaryImageOfPage\":{\"@id\":\"https:\/\/omakoru.fi\/tuote\/beadsmith-bead-reamer-sahkoinen-reianvaljennin\/#primaryimage\"},\"image\":{\"@id\":\"https:\/\/omakoru.fi\/tuote\/beadsmith-bead-reamer-sahkoinen-reianvaljennin\/#primaryimage\"},\"thumbnailUrl\":\"https:\/\/omakoru.fi\/wp-content\/uploads\/2026\/01\/BR801_05-jpg-e1768396760674.webp\",\"datePublished\":\"2026-01-14T13:13:28+00:00\",\"dateModified\":\"2026-01-14T13:20:38+00:00\",\"breadcrumb\":{\"@id\":\"https:\/\/omakoru.fi\/tuote\/beadsmith-bead-reamer-sahkoinen-reianvaljennin\/#breadcrumb\"},\"inLanguage\":\"en-US\",\"potentialAction\":[{\"@type\":\"ReadAction\",\"target\":[\"https:\/\/omakoru.fi\/tuote\/beadsmith-bead-reamer-sahkoinen-reianvaljennin\/\"]}]},{\"@type\":\"ImageObject\",\"inLanguage\":\"en-US\",\"@id\":\"https:\/\/omakoru.fi\/tuote\/beadsmith-bead-reamer-sahkoinen-reianvaljennin\/#primaryimage\",\"url\":\"https:\/\/omakoru.fi\/wp-content\/uploads\/2026\/01\/BR801_05-jpg-e1768396760674.webp\",\"contentUrl\":\"https:\/\/omakoru.fi\/wp-content\/uploads\/2026\/01\/BR801_05-jpg-e1768396760674.webp\",\"width\":300,\"height\":300},{\"@type\":\"BreadcrumbList\",\"@id\":\"https:\/\/omakoru.fi\/tuote\/beadsmith-bead-reamer-sahkoinen-reianvaljennin\/#breadcrumb\",\"itemListElement\":[{\"@type\":\"ListItem\",\"position\":1,\"name\":\"Etusivu\",\"item\":\"https:\/\/omakoru.fi\/\"},{\"@type\":\"ListItem\",\"position\":2,\"name\":\"Beadsmith Bead Reamer s\u00e4hk\u00f6inen rei\u00e4nv\u00e4ljennin\"}]},{\"@type\":\"WebSite\",\"@id\":\"https:\/\/omakoru.fi\/#website\",\"url\":\"https:\/\/omakoru.fi\/\",\"name\":\"Omakoru\",\"description\":\"Beads and crafts\",\"publisher\":{\"@id\":\"https:\/\/omakoru.fi\/#organization\"},\"potentialAction\":[{\"@type\":\"SearchAction\",\"target\":{\"@type\":\"EntryPoint\",\"urlTemplate\":\"https:\/\/omakoru.fi\/?s={search_term_string}\"},\"query-input\":{\"@type\":\"PropertyValueSpecification\",\"valueRequired\":true,\"valueName\":\"search_term_string\"}}],\"inLanguage\":\"en-US\"},{\"@type\":\"Organization\",\"@id\":\"https:\/\/omakoru.fi\/#organization\",\"name\":\"Omakoru\",\"url\":\"https:\/\/omakoru.fi\/\",\"logo\":{\"@type\":\"ImageObject\",\"inLanguage\":\"en-US\",\"@id\":\"https:\/\/omakoru.fi\/#\/schema\/logo\/image\/\",\"url\":\"https:\/\/omakoru.fi\/wp-content\/uploads\/2019\/03\/cropped-omakoru-logo.png\",\"contentUrl\":\"https:\/\/omakoru.fi\/wp-content\/uploads\/2019\/03\/cropped-omakoru-logo.png\",\"width\":800,\"height\":132,\"caption\":\"Omakoru\"},\"image\":{\"@id\":\"https:\/\/omakoru.fi\/#\/schema\/logo\/image\/\"}}]}<\/script>\n<!-- \/ Yoast SEO plugin. -->","yoast_head_json":{"title":"BEADSMITH BEAD REAMER 2.4V 10000 RPM BATTERY OP - Omakoru","robots":{"index":"index","follow":"follow","max-snippet":"max-snippet:-1","max-image-preview":"max-image-preview:large","max-video-preview":"max-video-preview:-1"},"canonical":"https:\/\/omakoru.fi\/tuote\/beadsmith-bead-reamer-sahkoinen-reianvaljennin\/","og_locale":"en_US","og_type":"article","og_title":"BEADSMITH BEAD REAMER 2.4V 10000 RPM BATTERY OP - Omakoru","og_url":"https:\/\/omakoru.fi\/tuote\/beadsmith-bead-reamer-sahkoinen-reianvaljennin\/","og_site_name":"Omakoru","article_modified_time":"2026-01-14T13:20:38+00:00","og_image":[{"width":300,"height":300,"url":"https:\/\/omakoru.fi\/wp-content\/uploads\/2026\/01\/BR801_05-jpg-e1768396760674.webp","type":"image\/jpeg"}],"twitter_card":"summary_large_image","twitter_misc":{"Est. reading time":"1 minute"},"schema":{"@context":"https:\/\/schema.org","@graph":[{"@type":"WebPage","@id":"https:\/\/omakoru.fi\/tuote\/beadsmith-bead-reamer-sahkoinen-reianvaljennin\/","url":"https:\/\/omakoru.fi\/tuote\/beadsmith-bead-reamer-sahkoinen-reianvaljennin\/","name":"BEADSMITH BEAD REAMER 2.4V 10000 RPM BATTERY OP - Omakoru","isPartOf":{"@id":"https:\/\/omakoru.fi\/#website"},"primaryImageOfPage":{"@id":"https:\/\/omakoru.fi\/tuote\/beadsmith-bead-reamer-sahkoinen-reianvaljennin\/#primaryimage"},"image":{"@id":"https:\/\/omakoru.fi\/tuote\/beadsmith-bead-reamer-sahkoinen-reianvaljennin\/#primaryimage"},"thumbnailUrl":"https:\/\/omakoru.fi\/wp-content\/uploads\/2026\/01\/BR801_05-jpg-e1768396760674.webp","datePublished":"2026-01-14T13:13:28+00:00","dateModified":"2026-01-14T13:20:38+00:00","breadcrumb":{"@id":"https:\/\/omakoru.fi\/tuote\/beadsmith-bead-reamer-sahkoinen-reianvaljennin\/#breadcrumb"},"inLanguage":"en-US","potentialAction":[{"@type":"ReadAction","target":["https:\/\/omakoru.fi\/tuote\/beadsmith-bead-reamer-sahkoinen-reianvaljennin\/"]}]},{"@type":"ImageObject","inLanguage":"en-US","@id":"https:\/\/omakoru.fi\/tuote\/beadsmith-bead-reamer-sahkoinen-reianvaljennin\/#primaryimage","url":"https:\/\/omakoru.fi\/wp-content\/uploads\/2026\/01\/BR801_05-jpg-e1768396760674.webp","contentUrl":"https:\/\/omakoru.fi\/wp-content\/uploads\/2026\/01\/BR801_05-jpg-e1768396760674.webp","width":300,"height":300},{"@type":"BreadcrumbList","@id":"https:\/\/omakoru.fi\/tuote\/beadsmith-bead-reamer-sahkoinen-reianvaljennin\/#breadcrumb","itemListElement":[{"@type":"ListItem","position":1,"name":"Etusivu","item":"https:\/\/omakoru.fi\/"},{"@type":"ListItem","position":2,"name":"Beadsmith Bead Reamer s\u00e4hk\u00f6inen rei\u00e4nv\u00e4ljennin"}]},{"@type":"WebSite","@id":"https:\/\/omakoru.fi\/#website","url":"https:\/\/omakoru.fi\/","name":"Omakoru","description":"Beads and crafts","publisher":{"@id":"https:\/\/omakoru.fi\/#organization"},"potentialAction":[{"@type":"SearchAction","target":{"@type":"EntryPoint","urlTemplate":"https:\/\/omakoru.fi\/?s={search_term_string}"},"query-input":{"@type":"PropertyValueSpecification","valueRequired":true,"valueName":"search_term_string"}}],"inLanguage":"en-US"},{"@type":"Organization","@id":"https:\/\/omakoru.fi\/#organization","name":"Omakoru","url":"https:\/\/omakoru.fi\/","logo":{"@type":"ImageObject","inLanguage":"en-US","@id":"https:\/\/omakoru.fi\/#\/schema\/logo\/image\/","url":"https:\/\/omakoru.fi\/wp-content\/uploads\/2019\/03\/cropped-omakoru-logo.png","contentUrl":"https:\/\/omakoru.fi\/wp-content\/uploads\/2019\/03\/cropped-omakoru-logo.png","width":800,"height":132,"caption":"Omakoru"},"image":{"@id":"https:\/\/omakoru.fi\/#\/schema\/logo\/image\/"}}]}},"jetpack_sharing_enabled":true,"jetpack-related-posts":[],"_links":{"self":[{"href":"https:\/\/omakoru.fi\/en\/wp-json\/wp\/v2\/product\/120043"}],"collection":[{"href":"https:\/\/omakoru.fi\/en\/wp-json\/wp\/v2\/product"}],"about":[{"href":"https:\/\/omakoru.fi\/en\/wp-json\/wp\/v2\/types\/product"}],"replies":[{"embeddable":true,"href":"https:\/\/omakoru.fi\/en\/wp-json\/wp\/v2\/comments?post=120043"}],"wp:featuredmedia":[{"embeddable":true,"href":"https:\/\/omakoru.fi\/en\/wp-json\/wp\/v2\/media\/120045"}],"wp:attachment":[{"href":"https:\/\/omakoru.fi\/en\/wp-json\/wp\/v2\/media?parent=120043"}],"wp:term":[{"taxonomy":"product_cat","embeddable":true,"href":"https:\/\/omakoru.fi\/en\/wp-json\/wp\/v2\/product_cat?post=120043"},{"taxonomy":"product_tag","embeddable":true,"href":"https:\/\/omakoru.fi\/en\/wp-json\/wp\/v2\/product_tag?post=120043"}],"curies":[{"name":"wp","href":"https:\/\/api.w.org\/{rel}","templated":true}]}}